{"id":2,"date":"2025-03-18T19:33:34","date_gmt":"2025-03-18T19:33:34","guid":{"rendered":"https:\/\/xn--sinett-gua.fi\/?page_id=2"},"modified":"2025-04-29T21:05:28","modified_gmt":"2025-04-29T19:05:28","slug":"sinetan-kylayhdistys","status":"publish","type":"page","link":"https:\/\/xn--sinett-gua.fi\/index.php\/sinetan-kylayhdistys\/","title":{"rendered":"Sinet\u00e4n kyl\u00e4yhdistys ry"},"content":{"rendered":"\n<div class=\"wp-block-columns is-layout-flex wp-container-core-columns-is-layout-28f84493 wp-block-columns-is-layout-flex\">\n<div class=\"wp-block-column is-layout-flow wp-block-column-is-layout-flow\">\n<p>Postiosoite:<br>Jaarasenharjuntie 5 A 2<br>97220 Sinett\u00e4<\/p>\n<\/div>\n\n\n\n<div class=\"wp-block-column is-layout-flow wp-block-column-is-layout-flow\">\n<p>Kyl\u00e4talon osoite:<br>Parkkikankaantie 12<br>Sinett\u00e4<\/p>\n<\/div>\n<\/div>\n\n\n\n<p>Puheenjohtaja  Mikko Riikola<\/p>\n\n\n\n<p>S\u00e4hk\u00f6posti:<br><a href=\"mailto:sinetankylayhdistysry@gmail.com\">mailto:sinetankylayhdistysry@gmail.com<\/a><\/p>\n\n\n\n<p>Liitytk\u00f6 j\u00e4seneksi? Laita s\u00e4hk\u00f6postia:<br><a href=\"mailto:jaseneksi.sinetta@gmail.com\">mailto:jaseneksi.sinetta@gmail.com<\/a><\/p>\n\n\n\n<p>Kyl\u00e4yhdistyksen Facebook-sivu: <br><a href=\"https:\/\/www.facebook.com\/profile.php?id=100064829075098\">https:\/\/www.facebook.com\/profile.php?id=100064829075098<\/a><\/p>\n\n\n\n<p>Sinet\u00e4n Musiikkijuhlien Facebook-sivu: <br><a href=\"https:\/\/www.facebook.com\/profile.php?id=61555122846623\">https:\/\/www.facebook.com\/profile.php?id=61555122846623<\/a><\/p>\n","protected":false},"excerpt":{"rendered":"<p>Postiosoite:Jaarasenharjuntie 5 A 297220 Sinett\u00e4 Kyl\u00e4talon osoite:Parkkikankaantie 12Sinett\u00e4 Puheenjohtaja Mikko Riikola S\u00e4hk\u00f6posti:mailto:sinetankylayhdistysry@gmail.com Liitytk\u00f6 j\u00e4seneksi? Laita s\u00e4hk\u00f6postia:mailto:jaseneksi.sinetta@gmail.com Kyl\u00e4yhdistyksen Facebook-sivu: https:\/\/www.facebook.com\/profile.php?id=100064829075098 Sinet\u00e4n Musiikkijuhlien Facebook-sivu: https:\/\/www.facebook.com\/profile.php?id=61555122846623<\/p>\n","protected":false},"author":1,"featured_media":35,"parent":0,"menu_order":0,"comment_status":"closed","ping_status":"open","template":"","meta":{"footnotes":""},"class_list":["post-2","page","type-page","status-publish","has-post-thumbnail","hentry"],"_links":{"self":[{"href":"https:\/\/xn--sinett-gua.fi\/index.php\/wp-json\/wp\/v2\/pages\/2","targetHints":{"allow":["GET"]}}],"collection":[{"href":"https:\/\/xn--sinett-gua.fi\/index.php\/wp-json\/wp\/v2\/pages"}],"about":[{"href":"https:\/\/xn--sinett-gua.fi\/index.php\/wp-json\/wp\/v2\/types\/page"}],"author":[{"embeddable":true,"href":"https:\/\/xn--sinett-gua.fi\/index.php\/wp-json\/wp\/v2\/users\/1"}],"replies":[{"embeddable":true,"href":"https:\/\/xn--sinett-gua.fi\/index.php\/wp-json\/wp\/v2\/comments?post=2"}],"version-history":[{"count":26,"href":"https:\/\/xn--sinett-gua.fi\/index.php\/wp-json\/wp\/v2\/pages\/2\/revisions"}],"predecessor-version":[{"id":81,"href":"https:\/\/xn--sinett-gua.fi\/index.php\/wp-json\/wp\/v2\/pages\/2\/revisions\/81"}],"wp:featuredmedia":[{"embeddable":true,"href":"https:\/\/xn--sinett-gua.fi\/index.php\/wp-json\/wp\/v2\/media\/35"}],"wp:attachment":[{"href":"https:\/\/xn--sinett-gua.fi\/index.php\/wp-json\/wp\/v2\/media?parent=2"}],"curies":[{"name":"wp","href":"https:\/\/api.w.org\/{rel}","templated":true}]}}