{"id":12,"date":"2025-03-18T20:19:35","date_gmt":"2025-03-18T20:19:35","guid":{"rendered":"https:\/\/xn--sinett-gua.fi\/?page_id=12"},"modified":"2025-10-16T10:07:09","modified_gmt":"2025-10-16T08:07:09","slug":"sinetan-kylateatteri","status":"publish","type":"page","link":"https:\/\/xn--sinett-gua.fi\/index.php\/sinetan-kylateatteri\/","title":{"rendered":"Sinet\u00e4n kyl\u00e4teatteri, kes\u00e4teatteri, Rovaniemi"},"content":{"rendered":"\n<p><em>Kes\u00e4teatteri<\/em>&nbsp; ROVANIEMELL\u00c4 !<\/p>\n\n\n\n<p>Kes\u00e4n 2025 n\u00e4ytelm\u00e4n\u00e4 esitettiin Antti Hopian farssia:<\/p>\n\n\n\n<p class=\"has-x-large-font-size\">Sulle nauran neiti kes\u00e4hein\u00e4 eli <br>Eino Leino pyjamassa<\/p>\n\n\n\n<p>kirj. Antti Hopia, ohj. Asta Rentola, oik. Nordic Drama Corner<\/p>\n\n\n\n<div class=\"wp-block-columns is-layout-flex wp-container-core-columns-is-layout-28f84493 wp-block-columns-is-layout-flex\">\n<div class=\"wp-block-column is-layout-flow wp-block-column-is-layout-flow\" style=\"flex-basis:100%\"><\/div>\n<\/div>\n\n\n\n<p class=\"has-accent-5-background-color has-background\">Kiit\u00e4mme l\u00e4mpim\u00e4sti kaikkia katsojiamme n\u00e4yt\u00e4nt\u00f6kaudella 2025!<br>Olette meille t\u00e4rkeit\u00e4!<\/p>\n\n\n\n<p><\/p>\n\n\n\n<p><\/p>\n\n\n\n<p class=\"has-border-color has-accent-5-border-color has-base-background-color has-background\" style=\"border-width:7px\"><\/p>\n\n\n\n<p>Rovaniemen kaupungin tapahtumakalenteri:<br><a href=\"https:\/\/tapahtumat.rovaniemi.fi\/fi-FI\">https:\/\/tapahtumat.rovaniemi<\/a><a href=\"https:\/\/tapahtumat.rovaniemi.fi\/fi-FI?sort=startDate&amp;q=sinet%C3%A4n%20kyl%C3%A4teatteri\">https:\/\/tapahtumat.rovaniemi.fi\/fi-FI?sort=startDate&amp;q=sinet%C3%A4n%20kyl%C3%A4teatteri<\/a><a href=\"https:\/\/tapahtumat.rovaniemi.fi\/fi-FI\">.fi\/fi-FI<\/a><\/p>\n\n\n\n<p>Facebook (Sinet\u00e4n kyl\u00e4teatteri): <br><a href=\"https:\/\/www.facebook.com\/profile.php?id=100083083852985\">https:\/\/www.facebook.com\/profile.php?id=100083083852985<\/a><\/p>\n\n\n\n<p>Instagram (@sinetan_teatteri): <br><a href=\"https:\/\/www.instagram.com\/sinetan_teatteri\/\">https:\/\/www.instagram.com\/sinetan_teatteri\/<\/a><\/p>\n\n\n\n<p>S\u00e4hk\u00f6posti:<br><a href=\"mailto:sinetankylateatteri@gmail.com\">mailto:sinetankylateatteri@gmail.com<\/a><\/p>\n\n\n\n<p>Youtube (Sinet\u00e4n kyl\u00e4teatteri):<br><a href=\"https:\/\/www.youtube.com\/@Sinet%C3%A4nKyl%C3%A4teatteri\">https:\/\/www.youtube.com\/@Sinet%C3%A4nKyl%C3%A4teatteri<\/a><\/p>\n\n\n\n<p>Puhelin: 0400 226 372 (klo 10-20)<\/p>\n\n\n\n<p><\/p>\n\n\n\n<p><strong><em>Kiit\u00e4mme n\u00f6yr\u00e4sti tukijoukkojamme ja yhteisty\u00f6kumppaneitamme<\/em>:<\/strong><br>Rovaniemen kaupungin kulttuuritoimisto<br>Rovaniemen kylien kehitt\u00e4miss\u00e4\u00e4ti\u00f6<br>Sinet\u00e4n kyl\u00e4yhdistys ry  <a href=\"https:\/\/www.facebook.com\/profile.php?id=100064829075098\">https:\/\/www.facebook.com\/profile.php?id=100064829075098<\/a><br>Sinet\u00e4n musiikkijuhlat  <a href=\"https:\/\/www.facebook.com\/profile.php?id=61555122846623\">https:\/\/www.facebook.com\/profile.php?id=61555122846623<\/a><br>K-market Sinett\u00e4  <a href=\"https:\/\/www.k-ruoka.fi\/kauppa\/k-market-sinetta\">https:\/\/www.k-ruoka.fi\/kauppa\/k-market-sinetta<\/a><br>HieronTaikaa Sinulle  <a href=\"https:\/\/hierontaikaasinulle.fi\/\">https:\/\/hierontaikaasinulle.fi\/<\/a><br>Sinet\u00e4n Saunahuone  <a href=\"https:\/\/saunahuone.fi\/\">https:\/\/saunahuone.fi\/<\/a><br>Local Lifestyle Rovaniemi  <a href=\"https:\/\/www.facebook.com\/locallifestylerovaniemi\/?locale=fi_FI\">https:\/\/www.facebook.com\/locallifestylerovaniemi\/?locale=fi_FI<\/a><br>Painatuskeskus Rovaniemi  <a href=\"https:\/\/painatuskeskus.com\/\">https:\/\/painatuskeskus.com\/<\/a><br><\/p>\n\n\n\n<figure class=\"wp-block-image size-large\"><img loading=\"lazy\" decoding=\"async\" width=\"1024\" height=\"608\" src=\"https:\/\/xn--sinett-gua.fi\/wp-content\/uploads\/2025\/04\/ryhma_IMG_9446-kopio-3-Pien-1024x608.jpg\" alt=\"Sinet\u00e4n kyl\u00e4teatterin n\u00e4yttelij\u00e4ryhm\u00e4 2025\" class=\"wp-image-87\" srcset=\"https:\/\/xn--sinett-gua.fi\/wp-content\/uploads\/2025\/04\/ryhma_IMG_9446-kopio-3-Pien-1024x608.jpg 1024w, https:\/\/xn--sinett-gua.fi\/wp-content\/uploads\/2025\/04\/ryhma_IMG_9446-kopio-3-Pien-300x178.jpg 300w, https:\/\/xn--sinett-gua.fi\/wp-content\/uploads\/2025\/04\/ryhma_IMG_9446-kopio-3-Pien-768x456.jpg 768w, https:\/\/xn--sinett-gua.fi\/wp-content\/uploads\/2025\/04\/ryhma_IMG_9446-kopio-3-Pien-1536x911.jpg 1536w, https:\/\/xn--sinett-gua.fi\/wp-content\/uploads\/2025\/04\/ryhma_IMG_9446-kopio-3-Pien-2048x1215.jpg 2048w\" sizes=\"auto, (max-width: 1024px) 100vw, 1024px\" \/><figcaption class=\"wp-element-caption\">Sinet\u00e4n kyl\u00e4teatteri esitti kes\u00e4ll\u00e4 2025 Antti Hopian farssia <br>Sulle nauran neiti kes\u00e4hein\u00e4 eli Eino Leino pyjamassa<\/figcaption><\/figure>\n","protected":false},"excerpt":{"rendered":"<p>Kes\u00e4teatteri&nbsp; ROVANIEMELL\u00c4 ! Kes\u00e4n 2025 n\u00e4ytelm\u00e4n\u00e4 esitettiin Antti Hopian farssia: Sulle nauran neiti kes\u00e4hein\u00e4 eli Eino Leino pyjamassa kirj. Antti Hopia, ohj. Asta Rentola, oik. Nordic Drama Corner Kiit\u00e4mme l\u00e4mpim\u00e4sti kaikkia katsojiamme n\u00e4yt\u00e4nt\u00f6kaudella 2025!Olette meille t\u00e4rkeit\u00e4! Rovaniemen kaupungin tapahtumakalenteri:https:\/\/tapahtumat.rovaniemihttps:\/\/tapahtumat.rovaniemi.fi\/fi-FI?sort=startDate&amp;q=sinet%C3%A4n%20kyl%C3%A4teatteri.fi\/fi-FI Facebook (Sinet\u00e4n kyl\u00e4teatteri): https:\/\/www.facebook.com\/profile.php?id=100083083852985 Instagram (@sinetan_teatteri): https:\/\/www.instagram.com\/sinetan_teatteri\/ S\u00e4hk\u00f6posti:mailto:sinetankylateatteri@gmail.com Youtube (Sinet\u00e4n kyl\u00e4teatteri):https:\/\/www.youtube.com\/@Sinet%C3%A4nKyl%C3%A4teatteri Puhelin: 0400 226 372 (klo [&hellip;]<\/p>\n","protected":false},"author":1,"featured_media":34,"parent":0,"menu_order":0,"comment_status":"closed","ping_status":"closed","template":"","meta":{"footnotes":""},"class_list":["post-12","page","type-page","status-publish","has-post-thumbnail","hentry"],"_links":{"self":[{"href":"https:\/\/xn--sinett-gua.fi\/index.php\/wp-json\/wp\/v2\/pages\/12","targetHints":{"allow":["GET"]}}],"collection":[{"href":"https:\/\/xn--sinett-gua.fi\/index.php\/wp-json\/wp\/v2\/pages"}],"about":[{"href":"https:\/\/xn--sinett-gua.fi\/index.php\/wp-json\/wp\/v2\/types\/page"}],"author":[{"embeddable":true,"href":"https:\/\/xn--sinett-gua.fi\/index.php\/wp-json\/wp\/v2\/users\/1"}],"replies":[{"embeddable":true,"href":"https:\/\/xn--sinett-gua.fi\/index.php\/wp-json\/wp\/v2\/comments?post=12"}],"version-history":[{"count":42,"href":"https:\/\/xn--sinett-gua.fi\/index.php\/wp-json\/wp\/v2\/pages\/12\/revisions"}],"predecessor-version":[{"id":158,"href":"https:\/\/xn--sinett-gua.fi\/index.php\/wp-json\/wp\/v2\/pages\/12\/revisions\/158"}],"wp:featuredmedia":[{"embeddable":true,"href":"https:\/\/xn--sinett-gua.fi\/index.php\/wp-json\/wp\/v2\/media\/34"}],"wp:attachment":[{"href":"https:\/\/xn--sinett-gua.fi\/index.php\/wp-json\/wp\/v2\/media?parent=12"}],"curies":[{"name":"wp","href":"https:\/\/api.w.org\/{rel}","templated":true}]}}